{"id":14979,"date":"2019-11-24T00:54:49","date_gmt":"2019-11-24T00:54:49","guid":{"rendered":"http:\/\/tim-mueller.org\/?post_type=product&#038;p=14979"},"modified":"2026-04-21T15:47:28","modified_gmt":"2026-04-21T15:47:28","slug":"europas-feldeinfriedungen","status":"publish","type":"product","link":"https:\/\/wallhecke.de\/en\/produkt\/europas-feldeinfriedungen","title":{"rendered":"Europas Feldeinfriedungen"},"content":{"rendered":"<h4 style=\"text-align: center;\"><\/h4>\n<p style=\"font-weight: 400; text-align: center;\">Wallhecken (Knicks) Hecken, Feldmauern (Trockensteinmauern), Trocken-strauchhecken, Biegehecken, Flechthecken, Flechtz\u00e4une und traditionelle Z\u00e4une<\/p>\n<p style=\"font-weight: 400; text-align: center;\"><strong>in zwei B\u00e4nden<\/strong><br \/>\n<strong>1280 Seiten<\/strong><br \/>\n<strong>5514 Abbildungen<\/strong><br \/>\n<strong>davon 4433 Farbfotos<\/strong><br \/>\n<strong>Vollfarbig im Format 29,7 x 22,2 cm<\/strong><\/p>\n<p style=\"font-weight: 400; text-align: center;\">Band 1: Gesamtbeschreibung: Europa, \u00dcbersicht und detaillierte Beschreibung der L\u00e4nder: Albanien, Belgien, Bosnien-Herzegowina, Bulgarien, D\u00e4nemark, Deutschland und Frankreich.<\/p>\n<p style=\"font-weight: 400; text-align: center;\">Band 2: Detaillierte Beschreibung der L\u00e4nder: Griechenland, Gro\u00dfbritannien und Nordirland, Irland, Italien, Kroatien, Luxemburg, Montenegro, Niederlande, Norwegen, \u00d6sterreich, Polen, Portugal, Rum\u00e4nien, Schweden, Schweiz, Serbien, Slowakei, Slowenien, Spanien, Tschechien und Ungarn.<\/p>\n<p style=\"font-weight: 400; text-align: center;\">Das neue Buch \u00fcber die Feldeinfriedungen Europas Wallhecken (Knicks), Hecken, Feldmauern (Steinw\u00e4lle\/ Trockensteinmauern), Trockenstrauchhecken, Biegehecken, Flechthecken, Flechtz\u00e4une und die traditionellen Z\u00e4une ist das Ergebnis einer \u00fcber 30 j\u00e4hrigen Forschung.<\/p>\n<p style=\"font-weight: 400; text-align: center;\">Dieses Werk kann nun zum Verkaufspreis von 298 Euro bestellt werden (innerhalb Deutschlands porto- und verpackungsfrei). ISBN 978-3-944526-14-0<\/p>\n","protected":false},"excerpt":{"rendered":"<p style=\"font-weight: 400; text-align: center;\">DEUTSCHE VERSION LEIDER KOMPLETT AUSVERKAUFT &#8211; nur noch auf ENGLISCH VERF\u00dcGBAR!<\/p>\n<p>&nbsp;<\/p>\n<p style=\"font-weight: 400; text-align: center;\">Wallhecken (Knicks) Hecken, Feldmauern (Trockensteinmauern), Trocken-strauchhecken, Biegehecken, Flechthecken, Flechtz\u00e4une und traditionelle Z\u00e4une<\/p>\n<p style=\"font-weight: 400; text-align: center;\"><strong>in zwei B\u00e4nden<\/strong><br \/>\n<strong>1280 Seiten<\/strong><br \/>\n<strong>5514 Abbildungen<\/strong><br \/>\n<strong>davon 4433 Farbfotos<\/strong><br \/>\n<strong>Vollfarbig im Format 29,7 x 22,2 cm<\/strong><\/p>\n<p style=\"font-weight: 400; text-align: center;\">Band 1: Gesamtbeschreibung: Europa, \u00dcbersicht und detaillierte Beschreibung der L\u00e4nder: Albanien, Belgien, Bosnien-Herzegowina, Bulgarien, D\u00e4nemark, Deutschland und Frankreich.<\/p>\n<p style=\"font-weight: 400; text-align: center;\">Band 2: Detaillierte Beschreibung der L\u00e4nder: Griechenland, Gro\u00dfbritannien und Nordirland, Irland, Italien, Kroatien, Luxemburg, Montenegro, Niederlande, Norwegen, \u00d6sterreich, Polen, Portugal, Rum\u00e4nien, Schweden, Schweiz, Serbien, Slowakei, Slowenien, Spanien, Tschechien und Ungarn.<\/p>\n<p style=\"font-weight: 400; text-align: center;\">Das neue Buch \u00fcber die Feldeinfriedungen Europas Wallhecken (Knicks), Hecken, Feldmauern (Steinw\u00e4lle\/ Trockensteinmauern), Trockenstrauchhecken, Biegehecken, Flechthecken, Flechtz\u00e4une und die traditionellen Z\u00e4une ist das Ergebnis einer \u00fcber 30 j\u00e4hrigen Forschung.<\/p>\n<p style=\"font-weight: 400; text-align: center;\">Dieses Werk kann nun zum Verkaufspreis von 298 Euro bestellt werden (innerhalb Deutschlands porto- und verpackungsfrei). ISBN 978-3-944526-14-0<\/p>\n","protected":false},"featured_media":14982,"template":"","meta":[],"product_cat":[309],"product_tag":[],"_links":{"self":[{"href":"https:\/\/wallhecke.de\/en\/wp-json\/wp\/v2\/product\/14979"}],"collection":[{"href":"https:\/\/wallhecke.de\/en\/wp-json\/wp\/v2\/product"}],"about":[{"href":"https:\/\/wallhecke.de\/en\/wp-json\/wp\/v2\/types\/product"}],"wp:featuredmedia":[{"embeddable":true,"href":"https:\/\/wallhecke.de\/en\/wp-json\/wp\/v2\/media\/14982"}],"wp:attachment":[{"href":"https:\/\/wallhecke.de\/en\/wp-json\/wp\/v2\/media?parent=14979"}],"wp:term":[{"taxonomy":"product_cat","embeddable":true,"href":"https:\/\/wallhecke.de\/en\/wp-json\/wp\/v2\/product_cat?post=14979"},{"taxonomy":"product_tag","embeddable":true,"href":"https:\/\/wallhecke.de\/en\/wp-json\/wp\/v2\/product_tag?post=14979"}],"curies":[{"name":"wp","href":"https:\/\/api.w.org\/{rel}","templated":true}]}}